{"id":140,"date":"2022-04-22T16:45:40","date_gmt":"2022-04-22T16:45:40","guid":{"rendered":"https:\/\/krovnikoferinis.rs\/?page_id=140"},"modified":"2025-02-02T01:41:26","modified_gmt":"2025-02-02T01:41:26","slug":"prikolice","status":"publish","type":"page","link":"https:\/\/krovnikoferinis.rs\/index.php\/prikolice\/","title":{"rendered":"PRIKOLICE"},"content":{"rendered":"<p><img loading=\"lazy\" decoding=\"async\" class=\"aligncenter wp-image-147 size-full\" src=\"https:\/\/krovnikoferinis.rs\/wp-content\/uploads\/2022\/04\/Prikolica.png\" alt=\"\" width=\"1650\" height=\"1275\" srcset=\"https:\/\/krovnikoferinis.rs\/wp-content\/uploads\/2022\/04\/Prikolica.png 1650w, https:\/\/krovnikoferinis.rs\/wp-content\/uploads\/2022\/04\/Prikolica-300x232.png 300w, https:\/\/krovnikoferinis.rs\/wp-content\/uploads\/2022\/04\/Prikolica-1024x791.png 1024w, https:\/\/krovnikoferinis.rs\/wp-content\/uploads\/2022\/04\/Prikolica-768x593.png 768w, https:\/\/krovnikoferinis.rs\/wp-content\/uploads\/2022\/04\/Prikolica-1536x1187.png 1536w\" sizes=\"auto, (max-width: 1650px) 100vw, 1650px\" \/><\/p>\n<p><!--more--><\/p>\n<h1 style=\"text-align: center;\"><span style=\"color: #ff0000;\">U PONUDI PRIKOLICE NOSIVOSTI DO 500, 750 I 1100 Kg, OPREMLJENE CIRADOM I CARINSKOM SAJLOM, POMO\u0106NIM PARKIRNIM TO\u010cKOM I REZERVNIM TO\u010cKOM<\/span><\/h1>\n<p>&nbsp;<\/p>\n","protected":false},"excerpt":{"rendered":"","protected":false},"author":1,"featured_media":0,"parent":0,"menu_order":0,"comment_status":"closed","ping_status":"closed","template":"taxonomy-pwb-brand","meta":{"footnotes":""},"class_list":["post-140","page","type-page","status-publish","hentry"],"yoast_head":"<!-- This site is optimized with the Yoast SEO plugin v26.8 - https:\/\/yoast.com\/product\/yoast-seo-wordpress\/ -->\n<title>PRIKOLICE - krovnikoferinis.rs<\/title>\n<meta name=\"robots\" content=\"index, follow, max-snippet:-1, max-image-preview:large, max-video-preview:-1\" \/>\n<link rel=\"canonical\" href=\"https:\/\/krovnikoferinis.rs\/index.php\/prikolice\/\" \/>\n<meta property=\"og:locale\" content=\"sr_RS\" \/>\n<meta property=\"og:type\" content=\"article\" \/>\n<meta property=\"og:title\" content=\"PRIKOLICE - krovnikoferinis.rs\" \/>\n<meta property=\"og:url\" content=\"https:\/\/krovnikoferinis.rs\/index.php\/prikolice\/\" \/>\n<meta property=\"og:site_name\" content=\"krovnikoferinis.rs\" \/>\n<meta property=\"article:modified_time\" content=\"2025-02-02T01:41:26+00:00\" \/>\n<meta property=\"og:image\" content=\"https:\/\/krovnikoferinis.rs\/wp-content\/uploads\/2022\/04\/Prikolica.png\" \/>\n\t<meta property=\"og:image:width\" content=\"1650\" \/>\n\t<meta property=\"og:image:height\" content=\"1275\" \/>\n\t<meta property=\"og:image:type\" content=\"image\/png\" \/>\n<meta name=\"twitter:card\" content=\"summary_large_image\" \/>\n<meta name=\"twitter:label1\" content=\"\u041f\u0440\u043e\u0446\u0435\u045a\u0435\u043d\u043e \u0432\u0440\u0435\u043c\u0435 \u0447\u0438\u0442\u0430\u045a\u0430\" \/>\n\t<meta name=\"twitter:data1\" content=\"1 \u043c\u0438\u043d\u0443\u0442\" \/>\n<script type=\"application\/ld+json\" class=\"yoast-schema-graph\">{\"@context\":\"https:\/\/schema.org\",\"@graph\":[{\"@type\":\"WebPage\",\"@id\":\"https:\/\/krovnikoferinis.rs\/index.php\/prikolice\/\",\"url\":\"https:\/\/krovnikoferinis.rs\/index.php\/prikolice\/\",\"name\":\"PRIKOLICE - krovnikoferinis.rs\",\"isPartOf\":{\"@id\":\"https:\/\/krovnikoferinis.rs\/#website\"},\"primaryImageOfPage\":{\"@id\":\"https:\/\/krovnikoferinis.rs\/index.php\/prikolice\/#primaryimage\"},\"image\":{\"@id\":\"https:\/\/krovnikoferinis.rs\/index.php\/prikolice\/#primaryimage\"},\"thumbnailUrl\":\"https:\/\/krovnikoferinis.rs\/wp-content\/uploads\/2022\/04\/Prikolica.png\",\"datePublished\":\"2022-04-22T16:45:40+00:00\",\"dateModified\":\"2025-02-02T01:41:26+00:00\",\"inLanguage\":\"sr-RS\",\"potentialAction\":[{\"@type\":\"ReadAction\",\"target\":[\"https:\/\/krovnikoferinis.rs\/index.php\/prikolice\/\"]}]},{\"@type\":\"ImageObject\",\"inLanguage\":\"sr-RS\",\"@id\":\"https:\/\/krovnikoferinis.rs\/index.php\/prikolice\/#primaryimage\",\"url\":\"https:\/\/krovnikoferinis.rs\/wp-content\/uploads\/2022\/04\/Prikolica.png\",\"contentUrl\":\"https:\/\/krovnikoferinis.rs\/wp-content\/uploads\/2022\/04\/Prikolica.png\",\"width\":1650,\"height\":1275},{\"@type\":\"WebSite\",\"@id\":\"https:\/\/krovnikoferinis.rs\/#website\",\"url\":\"https:\/\/krovnikoferinis.rs\/\",\"name\":\"krovnikoferinis.rs\",\"description\":\"Putujte bez briga!\",\"publisher\":{\"@id\":\"https:\/\/krovnikoferinis.rs\/#organization\"},\"potentialAction\":[{\"@type\":\"SearchAction\",\"target\":{\"@type\":\"EntryPoint\",\"urlTemplate\":\"https:\/\/krovnikoferinis.rs\/?s={search_term_string}\"},\"query-input\":{\"@type\":\"PropertyValueSpecification\",\"valueRequired\":true,\"valueName\":\"search_term_string\"}}],\"inLanguage\":\"sr-RS\"},{\"@type\":\"Organization\",\"@id\":\"https:\/\/krovnikoferinis.rs\/#organization\",\"name\":\"krovnikoferinis\",\"url\":\"https:\/\/krovnikoferinis.rs\/\",\"logo\":{\"@type\":\"ImageObject\",\"inLanguage\":\"sr-RS\",\"@id\":\"https:\/\/krovnikoferinis.rs\/#\/schema\/logo\/image\/\",\"url\":\"https:\/\/krovnikoferinis.rs\/wp-content\/uploads\/2022\/04\/Nalepnica-okrugla-Iznajmite-Lat-1.1.jpg\",\"contentUrl\":\"https:\/\/krovnikoferinis.rs\/wp-content\/uploads\/2022\/04\/Nalepnica-okrugla-Iznajmite-Lat-1.1.jpg\",\"width\":1547,\"height\":1547,\"caption\":\"krovnikoferinis\"},\"image\":{\"@id\":\"https:\/\/krovnikoferinis.rs\/#\/schema\/logo\/image\/\"}}]}<\/script>\n<!-- \/ Yoast SEO plugin. -->","yoast_head_json":{"title":"PRIKOLICE - krovnikoferinis.rs","robots":{"index":"index","follow":"follow","max-snippet":"max-snippet:-1","max-image-preview":"max-image-preview:large","max-video-preview":"max-video-preview:-1"},"canonical":"https:\/\/krovnikoferinis.rs\/index.php\/prikolice\/","og_locale":"sr_RS","og_type":"article","og_title":"PRIKOLICE - krovnikoferinis.rs","og_url":"https:\/\/krovnikoferinis.rs\/index.php\/prikolice\/","og_site_name":"krovnikoferinis.rs","article_modified_time":"2025-02-02T01:41:26+00:00","og_image":[{"width":1650,"height":1275,"url":"https:\/\/krovnikoferinis.rs\/wp-content\/uploads\/2022\/04\/Prikolica.png","type":"image\/png"}],"twitter_card":"summary_large_image","twitter_misc":{"\u041f\u0440\u043e\u0446\u0435\u045a\u0435\u043d\u043e \u0432\u0440\u0435\u043c\u0435 \u0447\u0438\u0442\u0430\u045a\u0430":"1 \u043c\u0438\u043d\u0443\u0442"},"schema":{"@context":"https:\/\/schema.org","@graph":[{"@type":"WebPage","@id":"https:\/\/krovnikoferinis.rs\/index.php\/prikolice\/","url":"https:\/\/krovnikoferinis.rs\/index.php\/prikolice\/","name":"PRIKOLICE - krovnikoferinis.rs","isPartOf":{"@id":"https:\/\/krovnikoferinis.rs\/#website"},"primaryImageOfPage":{"@id":"https:\/\/krovnikoferinis.rs\/index.php\/prikolice\/#primaryimage"},"image":{"@id":"https:\/\/krovnikoferinis.rs\/index.php\/prikolice\/#primaryimage"},"thumbnailUrl":"https:\/\/krovnikoferinis.rs\/wp-content\/uploads\/2022\/04\/Prikolica.png","datePublished":"2022-04-22T16:45:40+00:00","dateModified":"2025-02-02T01:41:26+00:00","inLanguage":"sr-RS","potentialAction":[{"@type":"ReadAction","target":["https:\/\/krovnikoferinis.rs\/index.php\/prikolice\/"]}]},{"@type":"ImageObject","inLanguage":"sr-RS","@id":"https:\/\/krovnikoferinis.rs\/index.php\/prikolice\/#primaryimage","url":"https:\/\/krovnikoferinis.rs\/wp-content\/uploads\/2022\/04\/Prikolica.png","contentUrl":"https:\/\/krovnikoferinis.rs\/wp-content\/uploads\/2022\/04\/Prikolica.png","width":1650,"height":1275},{"@type":"WebSite","@id":"https:\/\/krovnikoferinis.rs\/#website","url":"https:\/\/krovnikoferinis.rs\/","name":"krovnikoferinis.rs","description":"Putujte bez briga!","publisher":{"@id":"https:\/\/krovnikoferinis.rs\/#organization"},"potentialAction":[{"@type":"SearchAction","target":{"@type":"EntryPoint","urlTemplate":"https:\/\/krovnikoferinis.rs\/?s={search_term_string}"},"query-input":{"@type":"PropertyValueSpecification","valueRequired":true,"valueName":"search_term_string"}}],"inLanguage":"sr-RS"},{"@type":"Organization","@id":"https:\/\/krovnikoferinis.rs\/#organization","name":"krovnikoferinis","url":"https:\/\/krovnikoferinis.rs\/","logo":{"@type":"ImageObject","inLanguage":"sr-RS","@id":"https:\/\/krovnikoferinis.rs\/#\/schema\/logo\/image\/","url":"https:\/\/krovnikoferinis.rs\/wp-content\/uploads\/2022\/04\/Nalepnica-okrugla-Iznajmite-Lat-1.1.jpg","contentUrl":"https:\/\/krovnikoferinis.rs\/wp-content\/uploads\/2022\/04\/Nalepnica-okrugla-Iznajmite-Lat-1.1.jpg","width":1547,"height":1547,"caption":"krovnikoferinis"},"image":{"@id":"https:\/\/krovnikoferinis.rs\/#\/schema\/logo\/image\/"}}]}},"_links":{"self":[{"href":"https:\/\/krovnikoferinis.rs\/index.php\/wp-json\/wp\/v2\/pages\/140","targetHints":{"allow":["GET"]}}],"collection":[{"href":"https:\/\/krovnikoferinis.rs\/index.php\/wp-json\/wp\/v2\/pages"}],"about":[{"href":"https:\/\/krovnikoferinis.rs\/index.php\/wp-json\/wp\/v2\/types\/page"}],"author":[{"embeddable":true,"href":"https:\/\/krovnikoferinis.rs\/index.php\/wp-json\/wp\/v2\/users\/1"}],"replies":[{"embeddable":true,"href":"https:\/\/krovnikoferinis.rs\/index.php\/wp-json\/wp\/v2\/comments?post=140"}],"version-history":[{"count":5,"href":"https:\/\/krovnikoferinis.rs\/index.php\/wp-json\/wp\/v2\/pages\/140\/revisions"}],"predecessor-version":[{"id":148,"href":"https:\/\/krovnikoferinis.rs\/index.php\/wp-json\/wp\/v2\/pages\/140\/revisions\/148"}],"wp:attachment":[{"href":"https:\/\/krovnikoferinis.rs\/index.php\/wp-json\/wp\/v2\/media?parent=140"}],"curies":[{"name":"wp","href":"https:\/\/api.w.org\/{rel}","templated":true}]}}