{"id":2,"date":"2022-03-17T16:05:48","date_gmt":"2022-03-17T16:05:48","guid":{"rendered":"https:\/\/krovnikoferinis.rs\/?page_id=2"},"modified":"2025-02-01T09:23:54","modified_gmt":"2025-02-01T09:23:54","slug":"krovnikoferi","status":"publish","type":"page","link":"https:\/\/krovnikoferinis.rs\/index.php\/krovnikoferi\/","title":{"rendered":"KROVNI KOFERI"},"content":{"rendered":"<h1 style=\"text-align: center;\">REZERVI\u0160ITE NA VREME \u2013 PUTUJTE BEZ BRIGA!<\/h1>\n<p style=\"text-align: center;\">Planirate putovanje, ali vam nedostaje prostor u automobilu? Sezona odmora zna\u010di puno prtljaga i jo\u0161 vi\u0161e izazova u pakovanju. Bilo da putujete sa:<\/p>\n<p style=\"text-align: center;\"><strong>Mali\u0161anima<\/strong> (jer de\u010dje sedi\u0161te zauzima pola zadnje klupe)<br \/>\n<strong>Prijateljima<\/strong> koje \u017eelite da povedete na nezaboravan odmor<br \/>\n<strong>Suprugom<\/strong> koja voli da ponese sve \u0161to je potrebno za udoban boravak<br \/>\n<strong>Ta\u0161tom<\/strong> (znate da \u0107e insistirati da ide s vama \ud83d\ude04)<br \/>\n<strong>Automobilom sa malim gepekom ili TNG ure\u0111ajem<\/strong><\/p>\n<p style=\"text-align: center;\">Ne dozvolite da vam manjak prostora pokvari putovanje!<\/p>\n<h1 style=\"text-align: center;\">ZA\u0160TO KUPITI, KAD MO\u017dETE IZNAJMITI?<\/h1>\n<p style=\"text-align: center;\"><strong>Ispaltivije je<\/strong> \u2013 Krovni kofer koristite jednom ili dva puta godi\u0161nje, pa nema potrebe da ula\u017eete novac u kupovinu.<br \/>\n<strong>Bez muke oko skladi\u0161tenja<\/strong> \u2013 Krovni koferi zauzimaju dosta prostora, a mi ga skladi\u0161timo umesto vas!<br \/>\n<strong>Sigurna i profesionalna monta\u017ea<\/strong> \u2013 Ne morate da brinete o postavljanju i sigurnosti na brzinama preko 100 km\/h. Na\u0161i stru\u010dnjaci montiraju sve umesto vas!<br \/>\n<strong>Prilago\u0111eni nosa\u010di<\/strong> \u2013 Svako vozilo zahteva odgovaraju\u0107e krovne nosa\u010de, a mi imamo re\u0161enje za va\u0161 model.<\/p>\n","protected":false},"excerpt":{"rendered":"<p>REZERVI\u0160ITE NA VREME \u2013 PUTUJTE BEZ BRIGA! Planirate putovanje, ali vam nedostaje prostor u automobilu? Sezona odmora zna\u010di puno prtljaga i jo\u0161 vi\u0161e izazova u pakovanju. Bilo da putujete sa: Mali\u0161anima (jer de\u010dje sedi\u0161te zauzima pola zadnje klupe) Prijateljima koje \u017eelite da povedete na nezaboravan odmor Suprugom koja voli da ponese sve \u0161to je potrebno [&hellip;]<\/p>\n","protected":false},"author":1,"featured_media":0,"parent":0,"menu_order":0,"comment_status":"closed","ping_status":"open","template":"","meta":{"footnotes":""},"class_list":["post-2","page","type-page","status-publish","hentry"],"yoast_head":"<!-- This site is optimized with the Yoast SEO plugin v26.8 - https:\/\/yoast.com\/product\/yoast-seo-wordpress\/ -->\n<title>KROVNI KOFERI - krovnikoferinis.rs<\/title>\n<meta name=\"description\" content=\"Krovni koferi za va\u0161 auto, da ne bi bilo nervoze oko pakovanja i da vam stvari ne bi stajale u krilu a ostatak na menja\u010du, retrovizoru ve\u0107 u krofnom koferu. Da vam stvari u krovnom koferu ostanu na mestu gde ste ih ostavili. Krovni koferi uz bezbedno i sigurno name\u0161tanje na va\u0161em vozilu. Izdavanje krovnih kofera, krovnih nosa\u010da, u Beogradu, \u0160apcu, Ni\u0161u, Vranju i Kru\u0161evcu.\" \/>\n<meta name=\"robots\" content=\"index, follow, max-snippet:-1, max-image-preview:large, max-video-preview:-1\" \/>\n<link rel=\"canonical\" href=\"https:\/\/krovnikoferinis.rs\/index.php\/krovnikoferi\/\" \/>\n<meta property=\"og:locale\" content=\"sr_RS\" \/>\n<meta property=\"og:type\" content=\"article\" \/>\n<meta property=\"og:title\" content=\"KROVNI KOFERI - krovnikoferinis.rs\" \/>\n<meta property=\"og:description\" content=\"Krovni koferi za va\u0161 auto, da ne bi bilo nervoze oko pakovanja i da vam stvari ne bi stajale u krilu a ostatak na menja\u010du, retrovizoru ve\u0107 u krofnom koferu. Da vam stvari u krovnom koferu ostanu na mestu gde ste ih ostavili. Krovni koferi uz bezbedno i sigurno name\u0161tanje na va\u0161em vozilu. Izdavanje krovnih kofera, krovnih nosa\u010da, u Beogradu, \u0160apcu, Ni\u0161u, Vranju i Kru\u0161evcu.\" \/>\n<meta property=\"og:url\" content=\"https:\/\/krovnikoferinis.rs\/index.php\/krovnikoferi\/\" \/>\n<meta property=\"og:site_name\" content=\"krovnikoferinis.rs\" \/>\n<meta property=\"article:modified_time\" content=\"2025-02-01T09:23:54+00:00\" \/>\n<meta name=\"twitter:card\" content=\"summary_large_image\" \/>\n<meta name=\"twitter:label1\" content=\"\u041f\u0440\u043e\u0446\u0435\u045a\u0435\u043d\u043e \u0432\u0440\u0435\u043c\u0435 \u0447\u0438\u0442\u0430\u045a\u0430\" \/>\n\t<meta name=\"twitter:data1\" content=\"1 \u043c\u0438\u043d\u0443\u0442\" \/>\n<script type=\"application\/ld+json\" class=\"yoast-schema-graph\">{\"@context\":\"https:\/\/schema.org\",\"@graph\":[{\"@type\":\"AdvertiserContentArticle\",\"@id\":\"https:\/\/krovnikoferinis.rs\/index.php\/krovnikoferi\/#article\",\"isPartOf\":{\"@id\":\"https:\/\/krovnikoferinis.rs\/index.php\/krovnikoferi\/\"},\"author\":{\"name\":\"admin\",\"@id\":\"https:\/\/krovnikoferinis.rs\/#\/schema\/person\/6b24d6ba5d5a8a1bb3f4115f6f3b3fce\"},\"headline\":\"KROVNI KOFERI\",\"datePublished\":\"2022-03-17T16:05:48+00:00\",\"dateModified\":\"2025-02-01T09:23:54+00:00\",\"mainEntityOfPage\":{\"@id\":\"https:\/\/krovnikoferinis.rs\/index.php\/krovnikoferi\/\"},\"wordCount\":181,\"publisher\":{\"@id\":\"https:\/\/krovnikoferinis.rs\/#organization\"},\"inLanguage\":\"sr-RS\"},{\"@type\":\"WebPage\",\"@id\":\"https:\/\/krovnikoferinis.rs\/index.php\/krovnikoferi\/\",\"url\":\"https:\/\/krovnikoferinis.rs\/index.php\/krovnikoferi\/\",\"name\":\"KROVNI KOFERI - krovnikoferinis.rs\",\"isPartOf\":{\"@id\":\"https:\/\/krovnikoferinis.rs\/#website\"},\"datePublished\":\"2022-03-17T16:05:48+00:00\",\"dateModified\":\"2025-02-01T09:23:54+00:00\",\"description\":\"Krovni koferi za va\u0161 auto, da ne bi bilo nervoze oko pakovanja i da vam stvari ne bi stajale u krilu a ostatak na menja\u010du, retrovizoru ve\u0107 u krofnom koferu. Da vam stvari u krovnom koferu ostanu na mestu gde ste ih ostavili. Krovni koferi uz bezbedno i sigurno name\u0161tanje na va\u0161em vozilu. Izdavanje krovnih kofera, krovnih nosa\u010da, u Beogradu, \u0160apcu, Ni\u0161u, Vranju i Kru\u0161evcu.\",\"inLanguage\":\"sr-RS\",\"potentialAction\":[{\"@type\":\"ReadAction\",\"target\":[\"https:\/\/krovnikoferinis.rs\/index.php\/krovnikoferi\/\"]}]},{\"@type\":\"WebSite\",\"@id\":\"https:\/\/krovnikoferinis.rs\/#website\",\"url\":\"https:\/\/krovnikoferinis.rs\/\",\"name\":\"krovnikoferinis.rs\",\"description\":\"Putujte bez briga!\",\"publisher\":{\"@id\":\"https:\/\/krovnikoferinis.rs\/#organization\"},\"potentialAction\":[{\"@type\":\"SearchAction\",\"target\":{\"@type\":\"EntryPoint\",\"urlTemplate\":\"https:\/\/krovnikoferinis.rs\/?s={search_term_string}\"},\"query-input\":{\"@type\":\"PropertyValueSpecification\",\"valueRequired\":true,\"valueName\":\"search_term_string\"}}],\"inLanguage\":\"sr-RS\"},{\"@type\":\"Organization\",\"@id\":\"https:\/\/krovnikoferinis.rs\/#organization\",\"name\":\"krovnikoferinis\",\"url\":\"https:\/\/krovnikoferinis.rs\/\",\"logo\":{\"@type\":\"ImageObject\",\"inLanguage\":\"sr-RS\",\"@id\":\"https:\/\/krovnikoferinis.rs\/#\/schema\/logo\/image\/\",\"url\":\"https:\/\/krovnikoferinis.rs\/wp-content\/uploads\/2022\/04\/Nalepnica-okrugla-Iznajmite-Lat-1.1.jpg\",\"contentUrl\":\"https:\/\/krovnikoferinis.rs\/wp-content\/uploads\/2022\/04\/Nalepnica-okrugla-Iznajmite-Lat-1.1.jpg\",\"width\":1547,\"height\":1547,\"caption\":\"krovnikoferinis\"},\"image\":{\"@id\":\"https:\/\/krovnikoferinis.rs\/#\/schema\/logo\/image\/\"}},{\"@type\":\"Person\",\"@id\":\"https:\/\/krovnikoferinis.rs\/#\/schema\/person\/6b24d6ba5d5a8a1bb3f4115f6f3b3fce\",\"name\":\"admin\",\"image\":{\"@type\":\"ImageObject\",\"inLanguage\":\"sr-RS\",\"@id\":\"https:\/\/krovnikoferinis.rs\/#\/schema\/person\/image\/\",\"url\":\"https:\/\/secure.gravatar.com\/avatar\/12ffcf80eec306215a572951b80809b9?s=96&d=mm&r=g\",\"contentUrl\":\"https:\/\/secure.gravatar.com\/avatar\/12ffcf80eec306215a572951b80809b9?s=96&d=mm&r=g\",\"caption\":\"admin\"},\"sameAs\":[\"https:\/\/krovnikoferinis.rs\"],\"url\":\"https:\/\/krovnikoferinis.rs\/index.php\/author\/admin\/\"}]}<\/script>\n<!-- \/ Yoast SEO plugin. -->","yoast_head_json":{"title":"KROVNI KOFERI - krovnikoferinis.rs","description":"Krovni koferi za va\u0161 auto, da ne bi bilo nervoze oko pakovanja i da vam stvari ne bi stajale u krilu a ostatak na menja\u010du, retrovizoru ve\u0107 u krofnom koferu. Da vam stvari u krovnom koferu ostanu na mestu gde ste ih ostavili. Krovni koferi uz bezbedno i sigurno name\u0161tanje na va\u0161em vozilu. Izdavanje krovnih kofera, krovnih nosa\u010da, u Beogradu, \u0160apcu, Ni\u0161u, Vranju i Kru\u0161evcu.","robots":{"index":"index","follow":"follow","max-snippet":"max-snippet:-1","max-image-preview":"max-image-preview:large","max-video-preview":"max-video-preview:-1"},"canonical":"https:\/\/krovnikoferinis.rs\/index.php\/krovnikoferi\/","og_locale":"sr_RS","og_type":"article","og_title":"KROVNI KOFERI - krovnikoferinis.rs","og_description":"Krovni koferi za va\u0161 auto, da ne bi bilo nervoze oko pakovanja i da vam stvari ne bi stajale u krilu a ostatak na menja\u010du, retrovizoru ve\u0107 u krofnom koferu. Da vam stvari u krovnom koferu ostanu na mestu gde ste ih ostavili. Krovni koferi uz bezbedno i sigurno name\u0161tanje na va\u0161em vozilu. Izdavanje krovnih kofera, krovnih nosa\u010da, u Beogradu, \u0160apcu, Ni\u0161u, Vranju i Kru\u0161evcu.","og_url":"https:\/\/krovnikoferinis.rs\/index.php\/krovnikoferi\/","og_site_name":"krovnikoferinis.rs","article_modified_time":"2025-02-01T09:23:54+00:00","twitter_card":"summary_large_image","twitter_misc":{"\u041f\u0440\u043e\u0446\u0435\u045a\u0435\u043d\u043e \u0432\u0440\u0435\u043c\u0435 \u0447\u0438\u0442\u0430\u045a\u0430":"1 \u043c\u0438\u043d\u0443\u0442"},"schema":{"@context":"https:\/\/schema.org","@graph":[{"@type":"AdvertiserContentArticle","@id":"https:\/\/krovnikoferinis.rs\/index.php\/krovnikoferi\/#article","isPartOf":{"@id":"https:\/\/krovnikoferinis.rs\/index.php\/krovnikoferi\/"},"author":{"name":"admin","@id":"https:\/\/krovnikoferinis.rs\/#\/schema\/person\/6b24d6ba5d5a8a1bb3f4115f6f3b3fce"},"headline":"KROVNI KOFERI","datePublished":"2022-03-17T16:05:48+00:00","dateModified":"2025-02-01T09:23:54+00:00","mainEntityOfPage":{"@id":"https:\/\/krovnikoferinis.rs\/index.php\/krovnikoferi\/"},"wordCount":181,"publisher":{"@id":"https:\/\/krovnikoferinis.rs\/#organization"},"inLanguage":"sr-RS"},{"@type":"WebPage","@id":"https:\/\/krovnikoferinis.rs\/index.php\/krovnikoferi\/","url":"https:\/\/krovnikoferinis.rs\/index.php\/krovnikoferi\/","name":"KROVNI KOFERI - krovnikoferinis.rs","isPartOf":{"@id":"https:\/\/krovnikoferinis.rs\/#website"},"datePublished":"2022-03-17T16:05:48+00:00","dateModified":"2025-02-01T09:23:54+00:00","description":"Krovni koferi za va\u0161 auto, da ne bi bilo nervoze oko pakovanja i da vam stvari ne bi stajale u krilu a ostatak na menja\u010du, retrovizoru ve\u0107 u krofnom koferu. Da vam stvari u krovnom koferu ostanu na mestu gde ste ih ostavili. Krovni koferi uz bezbedno i sigurno name\u0161tanje na va\u0161em vozilu. Izdavanje krovnih kofera, krovnih nosa\u010da, u Beogradu, \u0160apcu, Ni\u0161u, Vranju i Kru\u0161evcu.","inLanguage":"sr-RS","potentialAction":[{"@type":"ReadAction","target":["https:\/\/krovnikoferinis.rs\/index.php\/krovnikoferi\/"]}]},{"@type":"WebSite","@id":"https:\/\/krovnikoferinis.rs\/#website","url":"https:\/\/krovnikoferinis.rs\/","name":"krovnikoferinis.rs","description":"Putujte bez briga!","publisher":{"@id":"https:\/\/krovnikoferinis.rs\/#organization"},"potentialAction":[{"@type":"SearchAction","target":{"@type":"EntryPoint","urlTemplate":"https:\/\/krovnikoferinis.rs\/?s={search_term_string}"},"query-input":{"@type":"PropertyValueSpecification","valueRequired":true,"valueName":"search_term_string"}}],"inLanguage":"sr-RS"},{"@type":"Organization","@id":"https:\/\/krovnikoferinis.rs\/#organization","name":"krovnikoferinis","url":"https:\/\/krovnikoferinis.rs\/","logo":{"@type":"ImageObject","inLanguage":"sr-RS","@id":"https:\/\/krovnikoferinis.rs\/#\/schema\/logo\/image\/","url":"https:\/\/krovnikoferinis.rs\/wp-content\/uploads\/2022\/04\/Nalepnica-okrugla-Iznajmite-Lat-1.1.jpg","contentUrl":"https:\/\/krovnikoferinis.rs\/wp-content\/uploads\/2022\/04\/Nalepnica-okrugla-Iznajmite-Lat-1.1.jpg","width":1547,"height":1547,"caption":"krovnikoferinis"},"image":{"@id":"https:\/\/krovnikoferinis.rs\/#\/schema\/logo\/image\/"}},{"@type":"Person","@id":"https:\/\/krovnikoferinis.rs\/#\/schema\/person\/6b24d6ba5d5a8a1bb3f4115f6f3b3fce","name":"admin","image":{"@type":"ImageObject","inLanguage":"sr-RS","@id":"https:\/\/krovnikoferinis.rs\/#\/schema\/person\/image\/","url":"https:\/\/secure.gravatar.com\/avatar\/12ffcf80eec306215a572951b80809b9?s=96&d=mm&r=g","contentUrl":"https:\/\/secure.gravatar.com\/avatar\/12ffcf80eec306215a572951b80809b9?s=96&d=mm&r=g","caption":"admin"},"sameAs":["https:\/\/krovnikoferinis.rs"],"url":"https:\/\/krovnikoferinis.rs\/index.php\/author\/admin\/"}]}},"_links":{"self":[{"href":"https:\/\/krovnikoferinis.rs\/index.php\/wp-json\/wp\/v2\/pages\/2","targetHints":{"allow":["GET"]}}],"collection":[{"href":"https:\/\/krovnikoferinis.rs\/index.php\/wp-json\/wp\/v2\/pages"}],"about":[{"href":"https:\/\/krovnikoferinis.rs\/index.php\/wp-json\/wp\/v2\/types\/page"}],"author":[{"embeddable":true,"href":"https:\/\/krovnikoferinis.rs\/index.php\/wp-json\/wp\/v2\/users\/1"}],"replies":[{"embeddable":true,"href":"https:\/\/krovnikoferinis.rs\/index.php\/wp-json\/wp\/v2\/comments?post=2"}],"version-history":[{"count":21,"href":"https:\/\/krovnikoferinis.rs\/index.php\/wp-json\/wp\/v2\/pages\/2\/revisions"}],"predecessor-version":[{"id":406,"href":"https:\/\/krovnikoferinis.rs\/index.php\/wp-json\/wp\/v2\/pages\/2\/revisions\/406"}],"wp:attachment":[{"href":"https:\/\/krovnikoferinis.rs\/index.php\/wp-json\/wp\/v2\/media?parent=2"}],"curies":[{"name":"wp","href":"https:\/\/api.w.org\/{rel}","templated":true}]}}